{"id":8,"date":"2017-04-03T20:33:09","date_gmt":"2017-04-03T17:33:09","guid":{"rendered":"https:\/\/hauhonyrittajat.fi\/kesatori\/?page_id=8"},"modified":"2026-02-26T14:23:55","modified_gmt":"2026-02-26T12:23:55","slug":"etusivu","status":"publish","type":"page","link":"https:\/\/hauhonyrittajat.fi\/kesatori\/","title":{"rendered":"Etusivu"},"content":{"rendered":"<p>Kes\u00e4torikausi 2026 aloitetaan Niskavuoren markkinoilla lauantaina 27.6.2026.<br \/>\nKes\u00e4toreja on kuusi kertaa. Kes\u00e4n uutuutena j\u00e4rjestet\u00e4\u00e4n iltatori Herkkujen y\u00f6n iltana pe 10.7.2026 kello 15-20. Viimeinen tori on 25.7.2026.<\/p>\n<p>la 27.6. klo 9\u201314 Niskavuoren markkinat, Hauhon sahtimestaruuskisa<br \/>\nla 4.7. klo 9\u201314, Hauhon kes\u00e4tori<br \/>\npe 10.7. klo 15\u201320 Hauhon kes\u00e4torin iltatori<br \/>\nla 11.7. klo 9\u201314 Hauhon kes\u00e4tori<br \/>\nla 18.7. klo 9\u201314 Hauhon kes\u00e4tori, lasten tori, jossa ilmaisia myyntipaikkoja lapsille. Lasten toripaikoille Ei ennakkovarausta!<br \/>\nla 25.7. klo 9\u201314 Hauhon kes\u00e4tori, nostalgia-ajo<\/p>\n<p>Myyntipaikat ovat varattavissa nyt! Varaa ja maksa paikkasi <a href=\"https:\/\/biletti.fi\/tapahtumat\/hauhon-yrittajien-kesatori\" target=\"_blank\" rel=\"noopener\">Biletti-palvelussa &gt;&gt;&gt;<\/a><\/p>\n","protected":false},"excerpt":{"rendered":"<p>Kes\u00e4torikausi 2026 aloitetaan Niskavuoren markkinoilla lauantaina 27.6.2026. Kes\u00e4toreja on kuusi kertaa. Kes\u00e4n uutuutena j\u00e4rjestet\u00e4\u00e4n iltatori Herkkujen y\u00f6n iltana pe 10.7.2026 kello 15-20. Viimeinen tori on 25.7.2026. la 27.6. klo 9\u201314 Niskavuoren markkinat, Hauhon sahtimestaruuskisa la 4.7. klo 9\u201314, Hauhon kes\u00e4tori pe 10.7. klo 15\u201320 Hauhon kes\u00e4torin iltatori la 11.7. klo 9\u201314 Hauhon kes\u00e4tori la 18.7. &hellip; <\/p>\n<p class=\"link-more\"><a href=\"https:\/\/hauhonyrittajat.fi\/kesatori\/\" class=\"more-link\">Jatka lukemista<span class=\"screen-reader-text\"> &#8221;Etusivu&#8221;<\/span><\/a><\/p>\n","protected":false},"author":1,"featured_media":0,"parent":0,"menu_order":0,"comment_status":"closed","ping_status":"closed","template":"","meta":{"footnotes":""},"class_list":["post-8","page","type-page","status-publish","hentry"],"_links":{"self":[{"href":"https:\/\/hauhonyrittajat.fi\/kesatori\/wp-json\/wp\/v2\/pages\/8","targetHints":{"allow":["GET"]}}],"collection":[{"href":"https:\/\/hauhonyrittajat.fi\/kesatori\/wp-json\/wp\/v2\/pages"}],"about":[{"href":"https:\/\/hauhonyrittajat.fi\/kesatori\/wp-json\/wp\/v2\/types\/page"}],"author":[{"embeddable":true,"href":"https:\/\/hauhonyrittajat.fi\/kesatori\/wp-json\/wp\/v2\/users\/1"}],"replies":[{"embeddable":true,"href":"https:\/\/hauhonyrittajat.fi\/kesatori\/wp-json\/wp\/v2\/comments?post=8"}],"version-history":[{"count":41,"href":"https:\/\/hauhonyrittajat.fi\/kesatori\/wp-json\/wp\/v2\/pages\/8\/revisions"}],"predecessor-version":[{"id":3707,"href":"https:\/\/hauhonyrittajat.fi\/kesatori\/wp-json\/wp\/v2\/pages\/8\/revisions\/3707"}],"wp:attachment":[{"href":"https:\/\/hauhonyrittajat.fi\/kesatori\/wp-json\/wp\/v2\/media?parent=8"}],"curies":[{"name":"wp","href":"https:\/\/api.w.org\/{rel}","templated":true}]}}