{"id":9,"date":"2017-04-03T20:33:09","date_gmt":"2017-04-03T17:33:09","guid":{"rendered":"https:\/\/hauhonyrittajat.fi\/kesatori\/?page_id=9"},"modified":"2026-02-26T14:26:04","modified_gmt":"2026-02-26T12:26:04","slug":"info","status":"publish","type":"page","link":"https:\/\/hauhonyrittajat.fi\/kesatori\/info\/","title":{"rendered":"Info"},"content":{"rendered":"<h2>Hauhon Yritt\u00e4j\u00e4t ry:n kes\u00e4tori 2026<\/h2>\n<p><strong>Toripaikat voi varata ja maksaa <a href=\"https:\/\/biletti.fi\/tapahtumat\/hauhon-yrittajien-kesatori\" target=\"_blank\" rel=\"noopener\">Biletti-palvelun kautta &gt;&gt;&gt;\u00a0<\/a><\/strong><\/p>\n<p>Huom! Toripaikat varataan Biletiss\u00e4 kohdasta osta lippuja!<\/p>\n<p>Yritt\u00e4j\u00e4teltan myyntitiskin paikat varataan s\u00e4hk\u00f6postitse torivastaava@hauhonyrittajat.fi<\/p>\n<p>Hauhon Yritt\u00e4jien kes\u00e4torit j\u00e4rjestet\u00e4\u00e4n Hauhon kirkonkyl\u00e4ss\u00e4 niin kutsutun Puukoulun piha-alueella. Torit j\u00e4rjestet\u00e4\u00e4n 27.6.-25.7.2026 lauantaisin kello 9-14.<br \/>\nPerjantaina 10.7.2026 j\u00e4rjestet\u00e4\u00e4n iltatori kello 15-20.<\/p>\n<p>Hauhon torikes\u00e4 2026 starttaa Niskavuoren markkinoilla lauantaina 27. kes\u00e4kuuta.<\/p>\n<p><strong>Ohjeita torimyyjille<\/strong><\/p>\n<p>HUOM! TORIPAIKAT VARATTAVISSA NYT!<\/p>\n<ul>\n<li>Toripaikka varataan ja maksetaan etuk\u00e4teen <a href=\"https:\/\/biletti.fi\/tapahtumat\/hauhon-yrittajien-kesatori\" target=\"_blank\" rel=\"noopener\">Biletti-palvelusta<\/a>.<\/li>\n<li>Torialueelle <strong>voi ajaa autolla vain toriajan ulkopuolella<\/strong>. Toriaika on kello 9-14. Iltatorilla kello 15-20.<\/li>\n<li>Torialueella p\u00e4ivyst\u00e4\u00e4 huomioliiviin pukeutunut Hauhon Yritt\u00e4jien torivastaava<\/li>\n<li>Torialueelle ajo tapahtuu linja-autoasemalta Hauhon Kioskin ja kuusiaidan v\u00e4liss\u00e4 olevasta liittym\u00e4st\u00e4.<\/li>\n<li>Myyntipaikat on merkattu maahan huomiov\u00e4rein ja numerolla<\/li>\n<li>Ainoastaan kirpputoripaikoille torikent\u00e4n laidalla voi parkkeerata auton torin ajaksi.<\/li>\n<li>S\u00e4hk\u00f6\u00e4 on saatavilla tietyille myyntipaikoille, ilmoita varatessa s\u00e4hk\u00f6n tarve.<\/li>\n<li>Torialueella on Bajamajoja, joita voivat k\u00e4ytt\u00e4\u00e4 torimyyj\u00e4t ja -asiakkaat.<\/li>\n<li>L\u00e4hin vesipiste l\u00f6ytyy Hauhon S-Marketin sein\u00e4lt\u00e4 noin 100 metrin p\u00e4\u00e4st\u00e4.<\/li>\n<li>Kukin torimyyj\u00e4 siistii myyntipaikkansa l\u00e4htiess\u00e4\u00e4n. Torialueen laidalla on roska-astioita torilla syntyneit\u00e4 j\u00e4tteit\u00e4 varten.<\/li>\n<\/ul>\n","protected":false},"excerpt":{"rendered":"<p>Hauhon Yritt\u00e4j\u00e4t ry:n kes\u00e4tori 2026 Toripaikat voi varata ja maksaa Biletti-palvelun kautta &gt;&gt;&gt;\u00a0 Huom! Toripaikat varataan Biletiss\u00e4 kohdasta osta lippuja! Yritt\u00e4j\u00e4teltan myyntitiskin paikat varataan s\u00e4hk\u00f6postitse torivastaava@hauhonyrittajat.fi Hauhon Yritt\u00e4jien kes\u00e4torit j\u00e4rjestet\u00e4\u00e4n Hauhon kirkonkyl\u00e4ss\u00e4 niin kutsutun Puukoulun piha-alueella. Torit j\u00e4rjestet\u00e4\u00e4n 27.6.-25.7.2026 lauantaisin kello 9-14. Perjantaina 10.7.2026 j\u00e4rjestet\u00e4\u00e4n iltatori kello 15-20. Hauhon torikes\u00e4 2026 starttaa Niskavuoren markkinoilla lauantaina &hellip; <\/p>\n<p class=\"link-more\"><a href=\"https:\/\/hauhonyrittajat.fi\/kesatori\/info\/\" class=\"more-link\">Jatka lukemista<span class=\"screen-reader-text\"> &#8221;Info&#8221;<\/span><\/a><\/p>\n","protected":false},"author":1,"featured_media":0,"parent":0,"menu_order":0,"comment_status":"closed","ping_status":"closed","template":"","meta":{"footnotes":""},"class_list":["post-9","page","type-page","status-publish","hentry"],"_links":{"self":[{"href":"https:\/\/hauhonyrittajat.fi\/kesatori\/wp-json\/wp\/v2\/pages\/9","targetHints":{"allow":["GET"]}}],"collection":[{"href":"https:\/\/hauhonyrittajat.fi\/kesatori\/wp-json\/wp\/v2\/pages"}],"about":[{"href":"https:\/\/hauhonyrittajat.fi\/kesatori\/wp-json\/wp\/v2\/types\/page"}],"author":[{"embeddable":true,"href":"https:\/\/hauhonyrittajat.fi\/kesatori\/wp-json\/wp\/v2\/users\/1"}],"replies":[{"embeddable":true,"href":"https:\/\/hauhonyrittajat.fi\/kesatori\/wp-json\/wp\/v2\/comments?post=9"}],"version-history":[{"count":41,"href":"https:\/\/hauhonyrittajat.fi\/kesatori\/wp-json\/wp\/v2\/pages\/9\/revisions"}],"predecessor-version":[{"id":3709,"href":"https:\/\/hauhonyrittajat.fi\/kesatori\/wp-json\/wp\/v2\/pages\/9\/revisions\/3709"}],"wp:attachment":[{"href":"https:\/\/hauhonyrittajat.fi\/kesatori\/wp-json\/wp\/v2\/media?parent=9"}],"curies":[{"name":"wp","href":"https:\/\/api.w.org\/{rel}","templated":true}]}}